{"id":34,"date":"2025-09-25T23:00:11","date_gmt":"2025-09-25T23:00:11","guid":{"rendered":"https:\/\/gdevconlat.com\/?page_id=34"},"modified":"2026-02-14T15:49:46","modified_gmt":"2026-02-14T15:49:46","slug":"acerca-de","status":"publish","type":"page","link":"https:\/\/gdevconlat.com\/index.php\/inicio\/acerca-de\/","title":{"rendered":"Acerca de"},"content":{"rendered":"<h1>GDevCon: El punto de encuentro para la comunidad LabVIEW<\/h1>\n<p>En GDevCon, nuestra misi\u00f3n es simple: queremos que t\u00fa y tu equipo crezcan. Existimos para que los desarrolladores de LabVIEW, sin importar su nivel de experiencia, encuentren un espacio donde aprender y evolucionar juntos.<\/p>\n<h2>\u00bfC\u00f3mo lo hacemos posible?<\/h2>\n<ul>\n<li>Conectando personas: Creamos puentes entre desarrolladores de todos los niveles.<\/li>\n<li>Aprendizaje real: Ofrecemos formaci\u00f3n pr\u00e1ctica sobre las tecnolog\u00edas que usas hoy y las que vendr\u00e1n ma\u00f1ana.<\/li>\n<li>Impulso colectivo: Ayudamos a que tu equipo mejore para que LabVIEW siga siendo una herramienta de ingenier\u00eda de vanguardia.<\/li>\n<\/ul>\n<p>Somos un evento independiente, impulsado por la comunidad y sin fines de lucro. Nuestro \u00fanico objetivo es que el conocimiento sea accesible para la mayor cantidad de personas posible.<\/p>\n<p>&nbsp;<\/p>\n<h3>\u00bfPor qu\u00e9 sumarte a GDevCon?<\/h3>\n<ol>\n<li>Independencia y contenido real<br \/>\nAqu\u00ed no te venderemos nada. Al ser 100% independientes, elegimos los temas de forma democr\u00e1tica. Nos enfocamos en lo que realmente le importa a la comunidad de desarrolladores.<\/li>\n<li>El lugar donde todos aprendemos de todos<br \/>\nNos gusta decir que somos \u00abel grupo de usuarios de los grupos de usuarios\u00bb. Ponemos al desarrollador en el centro, permitiendo que el conocimiento de cada persona se convierta en la fortaleza de todos a trav\u00e9s del aprendizaje colaborativo.<\/li>\n<li>Enfocados en soluciones para el mundo real<br \/>\nAqu\u00ed valoramos lo pr\u00e1ctico. Nos apasiona resolver los retos reales que enfrentas en tus proyectos del d\u00eda a d\u00eda. Hablamos el mismo idioma que t\u00fa porque somos desarrolladores que usamos LabVIEW en proyectos de la vida real.<\/li>\n<li>De la gente, para la gente<br \/>\nGDevCon est\u00e1 dirigido por l\u00edderes de la comunidad. Las presentaciones son de clase mundial y el control editorial es nuestro, lo que garantiza que el contenido siempre sea honesto, relevante y de la m\u00e1s alta calidad para todos los interesados.<\/li>\n<li>Aqu\u00ed el protagonista es el equipo<br \/>\nEn GDevCon creemos en el poder de los grupos, no en individualismos. Dise\u00f1amos procesos y herramientas que ayudan al desarrollo colectivo. \u00a1Trae a todo tu equipo! Es una oportunidad de oro para aprender y colaborar juntos, sin importar el nivel de competencia de cada uno.<\/li>\n<\/ol>\n<p>\u00a1Nos encantar\u00eda contar con tu asistencia y la de tu equipo para compartir esta incre\u00edble experiencia de aprendizaje!<\/p>\n<h5>\u00a1S\u00famate a la experiencia GDevCon! Si tienes ganas de patrocinar, asistir o compartir tu conocimiento como ponente, escr\u00edbenos. Te daremos respuesta muy pronto para contarte todos los detalles. \u00a1Hagamos crecer esta comunidad juntos!<\/h5>\n<hr \/>\n\n<div class=\"wpcf7 no-js\" id=\"wpcf7-f114-o1\" lang=\"es-ES\" dir=\"ltr\" data-wpcf7-id=\"114\">\n<div class=\"screen-reader-response\"><p role=\"status\" aria-live=\"polite\" aria-atomic=\"true\"><\/p> <ul><\/ul><\/div>\n<form action=\"\/index.php\/wp-json\/wp\/v2\/pages\/34#wpcf7-f114-o1\" method=\"post\" class=\"wpcf7-form init\" aria-label=\"Formulario de contacto\" novalidate=\"novalidate\" data-status=\"init\">\n<fieldset class=\"hidden-fields-container\"><input type=\"hidden\" name=\"_wpcf7\" value=\"114\" \/><input type=\"hidden\" name=\"_wpcf7_version\" value=\"6.1.5\" \/><input type=\"hidden\" name=\"_wpcf7_locale\" value=\"es_ES\" \/><input type=\"hidden\" name=\"_wpcf7_unit_tag\" value=\"wpcf7-f114-o1\" \/><input type=\"hidden\" name=\"_wpcf7_container_post\" value=\"0\" \/><input type=\"hidden\" name=\"_wpcf7_posted_data_hash\" value=\"\" \/>\n<\/fieldset>\n<p><label> Tu nombre<br \/>\n<span class=\"wpcf7-form-control-wrap\" data-name=\"your-name\"><input size=\"40\" maxlength=\"400\" class=\"wpcf7-form-control wpcf7-text wpcf7-validates-as-required\" autocomplete=\"name\" aria-required=\"true\" aria-invalid=\"false\" value=\"\" type=\"text\" name=\"your-name\" \/><\/span> <\/label>\n<\/p>\n<p><label> Tu correo electr\u00f3nico<br \/>\n<span class=\"wpcf7-form-control-wrap\" data-name=\"your-email\"><input size=\"40\" maxlength=\"400\" class=\"wpcf7-form-control wpcf7-email wpcf7-validates-as-required wpcf7-text wpcf7-validates-as-email\" autocomplete=\"email\" aria-required=\"true\" aria-invalid=\"false\" value=\"\" type=\"email\" name=\"your-email\" \/><\/span> <\/label>\n<\/p>\n<p>\u00bfCual es tu inter\u00e9s?<br \/>\n<span class=\"wpcf7-form-control-wrap\" data-name=\"your-interes\"><select class=\"wpcf7-form-control wpcf7-select wpcf7-validates-as-required\" aria-required=\"true\" aria-invalid=\"false\" name=\"your-interes\"><option value=\"\">&#8212;Por favor, elige una opci\u00f3n&#8212;<\/option><option value=\"Patrocinar GDevCon LATAM\">Patrocinar GDevCon LATAM<\/option><option value=\"Asistir Al Evento\">Asistir Al Evento<\/option><option value=\"Dar Conferencia\">Dar Conferencia<\/option><option value=\"Otro\">Otro<\/option><\/select><\/span>\n<\/p>\n<p><label> Tu telefono<br \/>\n<span class=\"wpcf7-form-control-wrap\" data-name=\"your-tel\"><input size=\"40\" maxlength=\"15\" class=\"wpcf7-form-control wpcf7-tel wpcf7-text wpcf7-validates-as-tel\" aria-invalid=\"false\" value=\"\" type=\"tel\" name=\"your-tel\" \/><\/span><\/label>\n<\/p>\n<p><label> Tu mensaje (opcional)<br \/>\n<span class=\"wpcf7-form-control-wrap\" data-name=\"your-message\"><textarea cols=\"40\" rows=\"10\" maxlength=\"2000\" class=\"wpcf7-form-control wpcf7-textarea\" aria-invalid=\"false\" name=\"your-message\"><\/textarea><\/span> <\/label>\n<\/p>\n<p><input class=\"wpcf7-form-control wpcf7-submit has-spinner\" type=\"submit\" value=\"Enviar\" \/>\n<\/p><p style=\"display: none !important;\" class=\"akismet-fields-container\" data-prefix=\"_wpcf7_ak_\"><label>&#916;<textarea name=\"_wpcf7_ak_hp_textarea\" cols=\"45\" rows=\"8\" maxlength=\"100\"><\/textarea><\/label><input type=\"hidden\" id=\"ak_js_1\" name=\"_wpcf7_ak_js\" value=\"229\"\/><script>document.getElementById( \"ak_js_1\" ).setAttribute( \"value\", ( new Date() ).getTime() );<\/script><\/p><div class=\"wpcf7-response-output\" aria-hidden=\"true\"><\/div>\n<\/form>\n<\/div>\n\n","protected":false},"excerpt":{"rendered":"<p>GDevCon: El punto de encuentro para la comunidad LabVIEW En GDevCon, nuestra misi\u00f3n es simple: queremos que t\u00fa y tu equipo crezcan. Existimos para que los desarrolladores de LabVIEW, sin importar su nivel de experiencia, encuentren un espacio donde aprender y evolucionar juntos. \u00bfC\u00f3mo lo hacemos posible? Conectando personas: Creamos puentes entre desarrolladores de todos &hellip; <\/p>\n","protected":false},"author":1,"featured_media":0,"parent":6,"menu_order":0,"comment_status":"closed","ping_status":"closed","template":"","meta":{"footnotes":""},"class_list":["post-34","page","type-page","status-publish","hentry","latest_post"],"_links":{"self":[{"href":"https:\/\/gdevconlat.com\/index.php\/wp-json\/wp\/v2\/pages\/34","targetHints":{"allow":["GET"]}}],"collection":[{"href":"https:\/\/gdevconlat.com\/index.php\/wp-json\/wp\/v2\/pages"}],"about":[{"href":"https:\/\/gdevconlat.com\/index.php\/wp-json\/wp\/v2\/types\/page"}],"author":[{"embeddable":true,"href":"https:\/\/gdevconlat.com\/index.php\/wp-json\/wp\/v2\/users\/1"}],"replies":[{"embeddable":true,"href":"https:\/\/gdevconlat.com\/index.php\/wp-json\/wp\/v2\/comments?post=34"}],"version-history":[{"count":25,"href":"https:\/\/gdevconlat.com\/index.php\/wp-json\/wp\/v2\/pages\/34\/revisions"}],"predecessor-version":[{"id":118,"href":"https:\/\/gdevconlat.com\/index.php\/wp-json\/wp\/v2\/pages\/34\/revisions\/118"}],"up":[{"embeddable":true,"href":"https:\/\/gdevconlat.com\/index.php\/wp-json\/wp\/v2\/pages\/6"}],"wp:attachment":[{"href":"https:\/\/gdevconlat.com\/index.php\/wp-json\/wp\/v2\/media?parent=34"}],"curies":[{"name":"wp","href":"https:\/\/api.w.org\/{rel}","templated":true}]}}