{"id":276,"date":"2026-03-13T00:48:23","date_gmt":"2026-03-13T00:48:23","guid":{"rendered":"https:\/\/gdevconlat.com\/?page_id=276"},"modified":"2026-03-13T01:00:14","modified_gmt":"2026-03-13T01:00:14","slug":"valores","status":"publish","type":"page","link":"https:\/\/gdevconlat.com\/index.php\/valores\/","title":{"rendered":"Valores"},"content":{"rendered":"<h1 class=\"p1\"><span class=\"s1\"><b>Nuestros Valores<\/b><\/span><\/h1>\n<p class=\"p2\"><span class=\"s1\"><b>00 \u2014 Inspiraci\u00f3n<\/b><\/span><\/p>\n<p class=\"p3\"><span class=\"s1\">Nuestro impulso y prop\u00f3sito se derivan en gran medida del GDevCon original. Puedes leer sus valores aqu\u00ed. Hemos optado por mantener los mismos cinco principios fundamentales del equipo original de GDevCon. Esta es nuestra interpretaci\u00f3n de ellos:<\/span><\/p>\n<p class=\"p2\"><span class=\"s1\"><b>01 \u2014 Independencia<\/b><\/span><\/p>\n<p class=\"p3\"><span class=\"s1\">Aqu\u00ed no hay agendas ocultas. Simplemente buscamos servir a la comunidad. No vendemos nada m\u00e1s que entradas y paquetes de patrocinio. El precio de nuestras entradas no busca generar ganancias, sino cubrir nuestros costos y dejar lo suficiente para que todo funcione sin contratiempos el pr\u00f3ximo a\u00f1o. Nuestros patrocinadores obtienen un poco de publicidad y algunas entradas, y eso es todo. No tienen influencia sobre el contenido o el enfoque.<\/span><\/p>\n<p class=\"p2\"><span class=\"s1\"><b>02 \u2014 Aprendizaje Colaborativo<\/b><\/span><\/p>\n<p class=\"p3\"><span class=\"s1\">Como dijo el GDevCon original, nuestro objetivo es ser el \u00abGrupo de Usuarios de Grupos de Usuarios\u00bb. No importa el nivel de habilidad que tengamos; todos estamos aqu\u00ed para aprender juntos. Creemos que todo el mundo tiene algo que aportar.<\/span><\/p>\n<p class=\"p2\"><span class=\"s1\"><b>03 \u2014 Pragm\u00e1tico y Pr\u00e1ctico<\/b><\/span><\/p>\n<p class=\"p3\"><span class=\"s1\">La teor\u00eda es importante, pero valoramos m\u00e1s la aplicaci\u00f3n. Nos interesa explorar problemas del mundo real y queremos que nuestros asistentes se vayan con soluciones a problemas reales que les sean relevantes.<\/span><\/p>\n<p class=\"p2\"><span class=\"s1\"><b>04 \u2014 Impulsado por la Comunidad<\/b><\/span><\/p>\n<p class=\"p3\"><span class=\"s1\">Entendemos a la comunidad. Somos parte de ella. Damos la bienvenida a todos los miembros de la comunidad para que presenten o asistan, independientemente de su nivel de habilidad o cualificaci\u00f3n.<\/span><\/p>\n<p class=\"p2\"><span class=\"s1\"><b>05 \u2014 Enfocado en el Equipo<\/b><\/span><\/p>\n<p class=\"p3\"><span class=\"s1\">\u00abNing\u00fan hombre es una isla en s\u00ed mismo\u00bb. Lograr cualquier cosa notable requiere trabajo en equipo. Estamos interesados en explorar todos los temas relacionados con el trabajo en equipo y la colaboraci\u00f3n. Tambi\u00e9n animamos a los equipos a asistir juntos.<\/span><\/p>\n","protected":false},"excerpt":{"rendered":"<p>Nuestros Valores 00 \u2014 Inspiraci\u00f3n Nuestro impulso y prop\u00f3sito se derivan en gran medida del GDevCon original. Puedes leer sus valores aqu\u00ed. Hemos optado por mantener los mismos cinco principios fundamentales del equipo original de GDevCon. Esta es nuestra interpretaci\u00f3n de ellos: 01 \u2014 Independencia Aqu\u00ed no hay agendas ocultas. Simplemente buscamos servir a la &hellip; <\/p>\n","protected":false},"author":2,"featured_media":0,"parent":0,"menu_order":0,"comment_status":"closed","ping_status":"closed","template":"","meta":{"footnotes":""},"class_list":["post-276","page","type-page","status-publish","hentry","latest_post"],"_links":{"self":[{"href":"https:\/\/gdevconlat.com\/index.php\/wp-json\/wp\/v2\/pages\/276","targetHints":{"allow":["GET"]}}],"collection":[{"href":"https:\/\/gdevconlat.com\/index.php\/wp-json\/wp\/v2\/pages"}],"about":[{"href":"https:\/\/gdevconlat.com\/index.php\/wp-json\/wp\/v2\/types\/page"}],"author":[{"embeddable":true,"href":"https:\/\/gdevconlat.com\/index.php\/wp-json\/wp\/v2\/users\/2"}],"replies":[{"embeddable":true,"href":"https:\/\/gdevconlat.com\/index.php\/wp-json\/wp\/v2\/comments?post=276"}],"version-history":[{"count":2,"href":"https:\/\/gdevconlat.com\/index.php\/wp-json\/wp\/v2\/pages\/276\/revisions"}],"predecessor-version":[{"id":282,"href":"https:\/\/gdevconlat.com\/index.php\/wp-json\/wp\/v2\/pages\/276\/revisions\/282"}],"wp:attachment":[{"href":"https:\/\/gdevconlat.com\/index.php\/wp-json\/wp\/v2\/media?parent=276"}],"curies":[{"name":"wp","href":"https:\/\/api.w.org\/{rel}","templated":true}]}}